{"id":180,"date":"2023-03-28T04:34:07","date_gmt":"2023-03-28T04:34:07","guid":{"rendered":"https:\/\/cozystay.loftocean.com\/apartment\/?page_id=180"},"modified":"2025-01-15T17:15:36","modified_gmt":"2025-01-15T16:15:36","slug":"about","status":"publish","type":"page","link":"https:\/\/casaariston.com\/es\/about\/","title":{"rendered":"Qui\u00e9nes Somos"},"content":{"rendered":"<div data-elementor-type=\"wp-page\" data-elementor-id=\"180\" class=\"elementor elementor-180\" data-elementor-post-type=\"page\">\n\t\t\t\t\t\t<section class=\"elementor-section elementor-top-section elementor-element elementor-element-38b8f755 elementor-section-height-min-height cs-section-content-fullwidth cs-parallax-on-scroll cs_scroll_y_100 elementor-section-boxed elementor-section-height-default elementor-section-items-middle\" data-id=\"38b8f755\" data-element_type=\"section\" data-settings=\"{&quot;background_background&quot;:&quot;classic&quot;}\" data-cs-parallax-y=\"100\" style=\"background-image: none;\" data-cs-background-image=\"https:\/\/casaariston.com\/wp-content\/uploads\/2025\/01\/DSC_0049-scaled.jpg\">\n\t\t\t\t\t\t\t<div class=\"elementor-background-overlay\"><\/div>\n\t\t\t\t\t\t\t<div class=\"elementor-container elementor-column-gap-no\">\n\t\t\t\t\t<div class=\"elementor-column elementor-col-100 elementor-top-column elementor-element elementor-element-3b5053b dark-color\" data-id=\"3b5053b\" data-element_type=\"column\">\n\t\t\t<div class=\"elementor-widget-wrap elementor-element-populated\">\n\t\t\t\t\t\t<div class=\"elementor-element elementor-element-13233b53 elementor-widget elementor-widget-cs_title\" data-id=\"13233b53\" data-element_type=\"widget\" data-widget_type=\"cs_title.default\">\n\t\t\t\t<div class=\"elementor-widget-container\">\n\t\t\t\t\t\n        <div class=\"cs-title-wrap text-center\">\t            <h1 class=\"cs-title\">\n\t                Qui\u00e9nes Somos\t            <\/h1>\t            <div class=\"cs-title-text\">\n\t                <p>Donde el encanto hist\u00f3rico se encuentra con el confort moderno en el coraz\u00f3n de Sassari.<\/p>\t            <\/div>        <\/div>\t\t\t\t<\/div>\n\t\t\t\t<\/div>\n\t\t\t\t\t<\/div>\n\t\t<\/div>\n\t\t\t\t\t<\/div>\n\t\t<\/section>\n\t\t\t\t<section class=\"elementor-section elementor-top-section elementor-element elementor-element-52d1c22f cs-section-content-fullwidth elementor-section-content-middle elementor-section-boxed elementor-section-height-default elementor-section-height-default\" data-id=\"52d1c22f\" data-element_type=\"section\" data-settings=\"{&quot;background_background&quot;:&quot;classic&quot;}\">\n\t\t\t\t\t\t<div class=\"elementor-container elementor-column-gap-no\">\n\t\t\t\t\t<div class=\"elementor-column elementor-col-50 elementor-top-column elementor-element elementor-element-1697b32c\" data-id=\"1697b32c\" data-element_type=\"column\">\n\t\t\t<div class=\"elementor-widget-wrap elementor-element-populated\">\n\t\t\t\t\t\t<section class=\"elementor-section elementor-inner-section elementor-element elementor-element-1cc3b6bd elementor-section-boxed elementor-section-height-default elementor-section-height-default\" data-id=\"1cc3b6bd\" data-element_type=\"section\">\n\t\t\t\t\t\t<div class=\"elementor-container elementor-column-gap-no\">\n\t\t\t\t\t<div class=\"elementor-column elementor-col-50 elementor-inner-column elementor-element elementor-element-7fe8eb8b\" data-id=\"7fe8eb8b\" data-element_type=\"column\">\n\t\t\t<div class=\"elementor-widget-wrap elementor-element-populated\">\n\t\t\t\t\t\t<div class=\"elementor-element elementor-element-1992dbbd cs-animation-small-offset elementor-invisible elementor-widget elementor-widget-image\" data-id=\"1992dbbd\" data-element_type=\"widget\" data-settings=\"{&quot;_animation&quot;:&quot;fadeInUp&quot;,&quot;_animation_delay&quot;:150}\" data-widget_type=\"image.default\">\n\t\t\t\t<div class=\"elementor-widget-container\">\n\t\t\t\t\t\t\t\t\t\t\t\t\t\t\t<img fetchpriority=\"high\" decoding=\"async\" width=\"425\" height=\"283\" src=\"https:\/\/casaariston.com\/wp-content\/uploads\/2024\/09\/immagine_2024-09-27_113237045.png\" class=\"attachment-cozystay_600x9999 size-cozystay_600x9999 wp-image-1859\" alt=\"\" srcset=\"https:\/\/casaariston.com\/wp-content\/uploads\/2024\/09\/immagine_2024-09-27_113237045.png 425w, https:\/\/casaariston.com\/wp-content\/uploads\/2024\/09\/immagine_2024-09-27_113237045-300x200.png 300w, https:\/\/casaariston.com\/wp-content\/uploads\/2024\/09\/immagine_2024-09-27_113237045-18x12.png 18w, https:\/\/casaariston.com\/wp-content\/uploads\/2024\/09\/immagine_2024-09-27_113237045-370x246.png 370w, https:\/\/casaariston.com\/wp-content\/uploads\/2024\/09\/immagine_2024-09-27_113237045-255x170.png 255w\" sizes=\"(max-width: 425px) 100vw, 425px\" \/>\t\t\t\t\t\t\t\t\t\t\t\t\t\t\t<\/div>\n\t\t\t\t<\/div>\n\t\t\t\t\t<\/div>\n\t\t<\/div>\n\t\t\t\t<div class=\"elementor-column elementor-col-50 elementor-inner-column elementor-element elementor-element-1a9cc0d7\" data-id=\"1a9cc0d7\" data-element_type=\"column\">\n\t\t\t<div class=\"elementor-widget-wrap elementor-element-populated\">\n\t\t\t\t\t\t<div class=\"elementor-element elementor-element-3105df1f cs-animation-medium-offset elementor-invisible elementor-widget elementor-widget-image\" data-id=\"3105df1f\" data-element_type=\"widget\" data-settings=\"{&quot;_animation&quot;:&quot;fadeInUp&quot;,&quot;_animation_delay&quot;:300}\" data-widget_type=\"image.default\">\n\t\t\t\t<div class=\"elementor-widget-container\">\n\t\t\t\t\t\t\t\t\t\t\t\t\t\t\t<img decoding=\"async\" width=\"370\" height=\"273\" src=\"https:\/\/casaariston.com\/wp-content\/uploads\/2024\/09\/immagine_2024-09-27_113251645-370x273.png\" class=\"attachment-cozystay_370x9999 size-cozystay_370x9999 wp-image-1860\" alt=\"\" srcset=\"https:\/\/casaariston.com\/wp-content\/uploads\/2024\/09\/immagine_2024-09-27_113251645-370x273.png 370w, https:\/\/casaariston.com\/wp-content\/uploads\/2024\/09\/immagine_2024-09-27_113251645-300x221.png 300w, https:\/\/casaariston.com\/wp-content\/uploads\/2024\/09\/immagine_2024-09-27_113251645-16x12.png 16w, https:\/\/casaariston.com\/wp-content\/uploads\/2024\/09\/immagine_2024-09-27_113251645-600x442.png 600w, https:\/\/casaariston.com\/wp-content\/uploads\/2024\/09\/immagine_2024-09-27_113251645-550x405.png 550w, https:\/\/casaariston.com\/wp-content\/uploads\/2024\/09\/immagine_2024-09-27_113251645-255x188.png 255w, https:\/\/casaariston.com\/wp-content\/uploads\/2024\/09\/immagine_2024-09-27_113251645.png 616w\" sizes=\"(max-width: 370px) 100vw, 370px\" \/>\t\t\t\t\t\t\t\t\t\t\t\t\t\t\t<\/div>\n\t\t\t\t<\/div>\n\t\t\t\t\t<\/div>\n\t\t<\/div>\n\t\t\t\t\t<\/div>\n\t\t<\/section>\n\t\t\t\t\t<\/div>\n\t\t<\/div>\n\t\t\t\t<div class=\"elementor-column elementor-col-50 elementor-top-column elementor-element elementor-element-7ae86547\" data-id=\"7ae86547\" data-element_type=\"column\">\n\t\t\t<div class=\"elementor-widget-wrap elementor-element-populated\">\n\t\t\t\t\t\t<div class=\"elementor-element elementor-element-fdff86e elementor-widget elementor-widget-cs_title\" data-id=\"fdff86e\" data-element_type=\"widget\" data-widget_type=\"cs_title.default\">\n\t\t\t\t<div class=\"elementor-widget-container\">\n\t\t\t\t\t\n        <div class=\"cs-title-wrap\">\t            <div class=\"cs-subtitle-wrap\"><span class=\"cs-subtitle\">Donde el encanto hist\u00f3rico se encuentra con el confort moderno en el coraz\u00f3n de Sassari.<\/span><\/div>\t            <h3 class=\"cs-title\">\n\t                Casa Ariston\t            <\/h3>\t            <div class=\"cs-title-text\">\n\t                <p class=\" translation-block\"><strong>Casa Ariston<\/strong>, una casa de hu\u00e9spedes \u00fanica situada en el vibrante coraz\u00f3n de Sassari. Nuestra estructura se encuentra en los locales que alguna vez albergaron las oficinas del <em>Cinema Ariston<\/em>, una hist\u00f3rica sala de cine y s\u00edmbolo cultural de la ciudad. Cada habitaci\u00f3n est\u00e1 dedicada a una pel\u00edcula de culto de la historia del cine mundial.<br>Hemos transformado estos espacios llenos de historia en un ambiente moderno y acogedor, conservando el encanto de la arquitectura original mientras integramos comodidad y servicios de vanguardia.<\/p>\t            <\/div>        <\/div>\t\t\t\t<\/div>\n\t\t\t\t<\/div>\n\t\t\t\t\t<\/div>\n\t\t<\/div>\n\t\t\t\t\t<\/div>\n\t\t<\/section>\n\t\t\t\t<section class=\"elementor-section elementor-top-section elementor-element elementor-element-6dbd56a cs-section-content-fullwidth elementor-section-content-middle elementor-reverse-tablet elementor-reverse-mobile elementor-section-boxed elementor-section-height-default elementor-section-height-default\" data-id=\"6dbd56a\" data-element_type=\"section\" data-settings=\"{&quot;background_background&quot;:&quot;classic&quot;}\">\n\t\t\t\t\t\t<div class=\"elementor-container elementor-column-gap-no\">\n\t\t\t\t\t<div class=\"elementor-column elementor-col-50 elementor-top-column elementor-element elementor-element-145e0db\" data-id=\"145e0db\" data-element_type=\"column\">\n\t\t\t<div class=\"elementor-widget-wrap elementor-element-populated\">\n\t\t\t\t\t\t<div class=\"elementor-element elementor-element-2bfc86f elementor-widget elementor-widget-cs_title\" data-id=\"2bfc86f\" data-element_type=\"widget\" data-widget_type=\"cs_title.default\">\n\t\t\t\t<div class=\"elementor-widget-container\">\n\t\t\t\t\t\n        <div class=\"cs-title-wrap\">\t            <div class=\"cs-subtitle-wrap\"><span class=\"cs-subtitle\">Nuestro compromiso con ustedes<\/span><\/div>\t            <h3 class=\"cs-title\">\n\t                Misi\u00f3n\t            <\/h3>\t            <div class=\"cs-title-text\">\n\t                <p class=\" translation-block\">Nuestra misi\u00f3n es ofrecer a nuestros hu\u00e9spedes una experiencia de estancia inolvidable, basada en calidez, un servicio impecable y atenci\u00f3n al detalle. Ya sea que est\u00e9n en la ciudad por trabajo o por placer, <strong>Casa Ariston<\/strong> es el lugar ideal para descubrir Sassari y sentirse como en casa.<\/p><p>Nuestro equipo, dirigido por el gerente Gabriele, est\u00e1 siempre disponible para asistirle y hacer que su estancia sea perfecta. Nos comprometemos a superar sus expectativas, garantizando una hospitalidad que refleje la autenticidad y la calidez de nuestra ciudad.<\/p>\t            <\/div>        <\/div>\t\t\t\t<\/div>\n\t\t\t\t<\/div>\n\t\t\t\t\t<\/div>\n\t\t<\/div>\n\t\t\t\t<div class=\"elementor-column elementor-col-50 elementor-top-column elementor-element elementor-element-45372bc\" data-id=\"45372bc\" data-element_type=\"column\">\n\t\t\t<div class=\"elementor-widget-wrap elementor-element-populated\">\n\t\t\t\t\t\t<section class=\"elementor-section elementor-inner-section elementor-element elementor-element-8fba694 elementor-section-boxed elementor-section-height-default elementor-section-height-default\" data-id=\"8fba694\" data-element_type=\"section\">\n\t\t\t\t\t\t<div class=\"elementor-container elementor-column-gap-no\">\n\t\t\t\t\t<div class=\"elementor-column elementor-col-50 elementor-inner-column elementor-element elementor-element-b07d62f\" data-id=\"b07d62f\" data-element_type=\"column\">\n\t\t\t<div class=\"elementor-widget-wrap elementor-element-populated\">\n\t\t\t\t\t\t<div class=\"elementor-element elementor-element-42f0f3a cs-animation-small-offset elementor-invisible elementor-widget elementor-widget-image\" data-id=\"42f0f3a\" data-element_type=\"widget\" data-settings=\"{&quot;_animation&quot;:&quot;fadeInUp&quot;,&quot;_animation_delay&quot;:150}\" data-widget_type=\"image.default\">\n\t\t\t\t<div class=\"elementor-widget-container\">\n\t\t\t\t\t\t\t\t\t\t\t\t\t\t\t<img decoding=\"async\" width=\"370\" height=\"247\" src=\"https:\/\/casaariston.com\/wp-content\/uploads\/2024\/09\/DSC_0024-370x247.jpg\" class=\"attachment-cozystay_370x9999 size-cozystay_370x9999 wp-image-1862\" alt=\"\" srcset=\"https:\/\/casaariston.com\/wp-content\/uploads\/2024\/09\/DSC_0024-370x247.jpg 370w, https:\/\/casaariston.com\/wp-content\/uploads\/2024\/09\/DSC_0024-300x200.jpg 300w, https:\/\/casaariston.com\/wp-content\/uploads\/2024\/09\/DSC_0024-1024x683.jpg 1024w, https:\/\/casaariston.com\/wp-content\/uploads\/2024\/09\/DSC_0024-768x512.jpg 768w, https:\/\/casaariston.com\/wp-content\/uploads\/2024\/09\/DSC_0024-1536x1024.jpg 1536w, https:\/\/casaariston.com\/wp-content\/uploads\/2024\/09\/DSC_0024-2048x1365.jpg 2048w, https:\/\/casaariston.com\/wp-content\/uploads\/2024\/09\/DSC_0024-18x12.jpg 18w, https:\/\/casaariston.com\/wp-content\/uploads\/2024\/09\/DSC_0024-1920x1280.jpg 1920w, https:\/\/casaariston.com\/wp-content\/uploads\/2024\/09\/DSC_0024-1440x960.jpg 1440w, https:\/\/casaariston.com\/wp-content\/uploads\/2024\/09\/DSC_0024-1200x800.jpg 1200w, https:\/\/casaariston.com\/wp-content\/uploads\/2024\/09\/DSC_0024-780x520.jpg 780w, https:\/\/casaariston.com\/wp-content\/uploads\/2024\/09\/DSC_0024-600x400.jpg 600w, https:\/\/casaariston.com\/wp-content\/uploads\/2024\/09\/DSC_0024-550x367.jpg 550w, https:\/\/casaariston.com\/wp-content\/uploads\/2024\/09\/DSC_0024-255x170.jpg 255w\" sizes=\"(max-width: 370px) 100vw, 370px\" \/>\t\t\t\t\t\t\t\t\t\t\t\t\t\t\t<\/div>\n\t\t\t\t<\/div>\n\t\t\t\t\t<\/div>\n\t\t<\/div>\n\t\t\t\t<div class=\"elementor-column elementor-col-50 elementor-inner-column elementor-element elementor-element-8fcb924\" data-id=\"8fcb924\" data-element_type=\"column\">\n\t\t\t<div class=\"elementor-widget-wrap elementor-element-populated\">\n\t\t\t\t\t\t<div class=\"elementor-element elementor-element-1bcb604 cs-animation-medium-offset elementor-invisible elementor-widget elementor-widget-image\" data-id=\"1bcb604\" data-element_type=\"widget\" data-settings=\"{&quot;_animation&quot;:&quot;fadeInUp&quot;,&quot;_animation_delay&quot;:300}\" data-widget_type=\"image.default\">\n\t\t\t\t<div class=\"elementor-widget-container\">\n\t\t\t\t\t\t\t\t\t\t\t\t\t\t\t<img loading=\"lazy\" decoding=\"async\" width=\"550\" height=\"825\" src=\"https:\/\/casaariston.com\/wp-content\/uploads\/2024\/09\/DSC_0055-550x825.jpg\" class=\"attachment-cozystay_550x9999 size-cozystay_550x9999 wp-image-1863\" alt=\"\" srcset=\"https:\/\/casaariston.com\/wp-content\/uploads\/2024\/09\/DSC_0055-550x825.jpg 550w, https:\/\/casaariston.com\/wp-content\/uploads\/2024\/09\/DSC_0055-200x300.jpg 200w, https:\/\/casaariston.com\/wp-content\/uploads\/2024\/09\/DSC_0055-683x1024.jpg 683w, https:\/\/casaariston.com\/wp-content\/uploads\/2024\/09\/DSC_0055-768x1152.jpg 768w, https:\/\/casaariston.com\/wp-content\/uploads\/2024\/09\/DSC_0055-1024x1536.jpg 1024w, https:\/\/casaariston.com\/wp-content\/uploads\/2024\/09\/DSC_0055-1365x2048.jpg 1365w, https:\/\/casaariston.com\/wp-content\/uploads\/2024\/09\/DSC_0055-8x12.jpg 8w, https:\/\/casaariston.com\/wp-content\/uploads\/2024\/09\/DSC_0055-1920x2880.jpg 1920w, https:\/\/casaariston.com\/wp-content\/uploads\/2024\/09\/DSC_0055-1440x2160.jpg 1440w, https:\/\/casaariston.com\/wp-content\/uploads\/2024\/09\/DSC_0055-1200x1800.jpg 1200w, https:\/\/casaariston.com\/wp-content\/uploads\/2024\/09\/DSC_0055-780x1170.jpg 780w, https:\/\/casaariston.com\/wp-content\/uploads\/2024\/09\/DSC_0055-600x900.jpg 600w, https:\/\/casaariston.com\/wp-content\/uploads\/2024\/09\/DSC_0055-370x555.jpg 370w, https:\/\/casaariston.com\/wp-content\/uploads\/2024\/09\/DSC_0055-255x383.jpg 255w, https:\/\/casaariston.com\/wp-content\/uploads\/2024\/09\/DSC_0055-scaled.jpg 1707w\" sizes=\"(max-width: 550px) 100vw, 550px\" \/>\t\t\t\t\t\t\t\t\t\t\t\t\t\t\t<\/div>\n\t\t\t\t<\/div>\n\t\t\t\t\t<\/div>\n\t\t<\/div>\n\t\t\t\t\t<\/div>\n\t\t<\/section>\n\t\t\t\t\t<\/div>\n\t\t<\/div>\n\t\t\t\t\t<\/div>\n\t\t<\/section>\n\t\t\t\t<\/div>","protected":false},"excerpt":{"rendered":"<p>Chi siamo Dove il fascino storico incontra il comfort moderno nel cuore di Sassari. Dove il fascino storico incontra il comfort moderno nel cuore di Sassari. Casa Ariston Casa Ariston, un affittacamere unico situato nel cuore pulsante di Sassari. La nostra struttura nasce nei locali che un tempo ospitavano gli uffici del Cinema Ariston, storica &#8230;<\/p>","protected":false},"author":1,"featured_media":0,"parent":0,"menu_order":0,"comment_status":"closed","ping_status":"closed","template":"template-wide-content.php","meta":{"inline_featured_image":false,"cozystay_single_page_hide_site_header":"","cozystay_single_page_site_header_source":"","cozystay_single_page_custom_site_header":"0","cozystay_single_page_custom_sticky_site_header":"0","cozystay_single_page_hide_page_title":"on","cozystay_single_page_header_section_size":"","cozystay_single_page_header_background_color":"","cozystay_single_page_header_background_position_x":"center","cozystay_single_page_header_background_position_y":"center","cozystay_single_page_header_background_size":"cover","cozystay_single_page_header_background_repeat":"off","cozystay_single_page_header_background_scroll":"on","cozystay_single_page_header_text_color":"","cozystay_single_page_header_show_breadcrumb":"","cozystay_single_page_site_footer_hide_main":"","cozystay_single_custom_site_footer_main_source":"","cozystay_single_custom_site_footer_main":"0","cozystay_single_page_site_footer_hide_above":"","cozystay_single_custom_site_footer_above_source":"","cozystay_single_custom_site_footer_above":"0","cozystay_single_page_site_footer_hide_instagram":"","cozystay_single_page_site_footer_hide_bottom":"","cozystay_single_custom_mobile_menu_source":"","cozystay_single_custom_mobile_menu":"0","cozystay_single_custom_mobile_menu_animation":"","cozystay_single_custom_mobile_menu_width":"","cozystay_single_custom_mobile_menu_custom_width":375,"footnotes":""},"class_list":["post-180","page","type-page","status-publish","hentry"],"yoast_head":"<!-- This site is optimized with the Yoast SEO plugin v23.6 - https:\/\/yoast.com\/wordpress\/plugins\/seo\/ -->\n<title>Chi siamo - Casa Ariston<\/title>\n<meta name=\"robots\" content=\"index, follow, max-snippet:-1, max-image-preview:large, max-video-preview:-1\" \/>\n<link rel=\"canonical\" href=\"https:\/\/casaariston.com\/es\/about\/\" \/>\n<meta property=\"og:locale\" content=\"es_ES\" \/>\n<meta property=\"og:type\" content=\"article\" \/>\n<meta property=\"og:title\" content=\"Chi siamo - Casa Ariston\" \/>\n<meta property=\"og:description\" content=\"Chi siamo Dove il fascino storico incontra il comfort moderno nel cuore di Sassari. Dove il fascino storico incontra il comfort moderno nel cuore di Sassari. Casa Ariston Casa Ariston, un affittacamere unico situato nel cuore pulsante di Sassari. La nostra struttura nasce nei locali che un tempo ospitavano gli uffici del Cinema Ariston, storica ...\" \/>\n<meta property=\"og:url\" content=\"https:\/\/casaariston.com\/es\/about\/\" \/>\n<meta property=\"og:site_name\" content=\"Casa Ariston\" \/>\n<meta property=\"article:modified_time\" content=\"2025-01-15T16:15:36+00:00\" \/>\n<meta property=\"og:image\" content=\"https:\/\/casaariston.com\/wp-content\/uploads\/2024\/09\/immagine_2024-09-27_113237045.png\" \/>\n\t<meta property=\"og:image:width\" content=\"425\" \/>\n\t<meta property=\"og:image:height\" content=\"283\" \/>\n\t<meta property=\"og:image:type\" content=\"image\/png\" \/>\n<meta name=\"twitter:card\" content=\"summary_large_image\" \/>\n<meta name=\"twitter:label1\" content=\"Tiempo de lectura\" \/>\n\t<meta name=\"twitter:data1\" content=\"2 minutos\" \/>\n<script type=\"application\/ld+json\" class=\"yoast-schema-graph\">{\"@context\":\"https:\/\/schema.org\",\"@graph\":[{\"@type\":\"WebPage\",\"@id\":\"https:\/\/casaariston.com\/about\/\",\"url\":\"https:\/\/casaariston.com\/about\/\",\"name\":\"Chi siamo - Casa Ariston\",\"isPartOf\":{\"@id\":\"https:\/\/casaariston.com\/#website\"},\"primaryImageOfPage\":{\"@id\":\"https:\/\/casaariston.com\/about\/#primaryimage\"},\"image\":{\"@id\":\"https:\/\/casaariston.com\/about\/#primaryimage\"},\"thumbnailUrl\":\"https:\/\/casaariston.com\/wp-content\/uploads\/2024\/09\/immagine_2024-09-27_113237045.png\",\"datePublished\":\"2023-03-28T04:34:07+00:00\",\"dateModified\":\"2025-01-15T16:15:36+00:00\",\"breadcrumb\":{\"@id\":\"https:\/\/casaariston.com\/about\/#breadcrumb\"},\"inLanguage\":\"es\",\"potentialAction\":[{\"@type\":\"ReadAction\",\"target\":[\"https:\/\/casaariston.com\/about\/\"]}]},{\"@type\":\"ImageObject\",\"inLanguage\":\"es\",\"@id\":\"https:\/\/casaariston.com\/about\/#primaryimage\",\"url\":\"https:\/\/casaariston.com\/wp-content\/uploads\/2024\/09\/immagine_2024-09-27_113237045.png\",\"contentUrl\":\"https:\/\/casaariston.com\/wp-content\/uploads\/2024\/09\/immagine_2024-09-27_113237045.png\"},{\"@type\":\"BreadcrumbList\",\"@id\":\"https:\/\/casaariston.com\/about\/#breadcrumb\",\"itemListElement\":[{\"@type\":\"ListItem\",\"position\":1,\"name\":\"Home\",\"item\":\"https:\/\/casaariston.com\/it_it\/\"},{\"@type\":\"ListItem\",\"position\":2,\"name\":\"Chi siamo\"}]},{\"@type\":\"WebSite\",\"@id\":\"https:\/\/casaariston.com\/#website\",\"url\":\"https:\/\/casaariston.com\/\",\"name\":\"Casa Ariston\",\"description\":\"\",\"publisher\":{\"@id\":\"https:\/\/casaariston.com\/#organization\"},\"potentialAction\":[{\"@type\":\"SearchAction\",\"target\":{\"@type\":\"EntryPoint\",\"urlTemplate\":\"https:\/\/casaariston.com\/?s={search_term_string}\"},\"query-input\":{\"@type\":\"PropertyValueSpecification\",\"valueRequired\":true,\"valueName\":\"search_term_string\"}}],\"inLanguage\":\"es\"},{\"@type\":\"Organization\",\"@id\":\"https:\/\/casaariston.com\/#organization\",\"name\":\"Casa Ariston\",\"url\":\"https:\/\/casaariston.com\/\",\"logo\":{\"@type\":\"ImageObject\",\"inLanguage\":\"es\",\"@id\":\"https:\/\/casaariston.com\/#\/schema\/logo\/image\/\",\"url\":\"https:\/\/casaariston.com\/wp-content\/uploads\/2023\/03\/cropped-logo-bianco.png\",\"contentUrl\":\"https:\/\/casaariston.com\/wp-content\/uploads\/2023\/03\/cropped-logo-bianco.png\",\"width\":512,\"height\":512,\"caption\":\"Casa Ariston\"},\"image\":{\"@id\":\"https:\/\/casaariston.com\/#\/schema\/logo\/image\/\"}}]}<\/script>\n<!-- \/ Yoast SEO plugin. -->","yoast_head_json":{"title":"Chi siamo - Casa Ariston","robots":{"index":"index","follow":"follow","max-snippet":"max-snippet:-1","max-image-preview":"max-image-preview:large","max-video-preview":"max-video-preview:-1"},"canonical":"https:\/\/casaariston.com\/es\/about\/","og_locale":"es_ES","og_type":"article","og_title":"Chi siamo - Casa Ariston","og_description":"Chi siamo Dove il fascino storico incontra il comfort moderno nel cuore di Sassari. Dove il fascino storico incontra il comfort moderno nel cuore di Sassari. Casa Ariston Casa Ariston, un affittacamere unico situato nel cuore pulsante di Sassari. La nostra struttura nasce nei locali che un tempo ospitavano gli uffici del Cinema Ariston, storica ...","og_url":"https:\/\/casaariston.com\/es\/about\/","og_site_name":"Casa Ariston","article_modified_time":"2025-01-15T16:15:36+00:00","og_image":[{"width":425,"height":283,"url":"https:\/\/casaariston.com\/wp-content\/uploads\/2024\/09\/immagine_2024-09-27_113237045.png","type":"image\/png"}],"twitter_card":"summary_large_image","twitter_misc":{"Tiempo de lectura":"2 minutos"},"schema":{"@context":"https:\/\/schema.org","@graph":[{"@type":"WebPage","@id":"https:\/\/casaariston.com\/about\/","url":"https:\/\/casaariston.com\/about\/","name":"Chi siamo - Casa Ariston","isPartOf":{"@id":"https:\/\/casaariston.com\/#website"},"primaryImageOfPage":{"@id":"https:\/\/casaariston.com\/about\/#primaryimage"},"image":{"@id":"https:\/\/casaariston.com\/about\/#primaryimage"},"thumbnailUrl":"https:\/\/casaariston.com\/wp-content\/uploads\/2024\/09\/immagine_2024-09-27_113237045.png","datePublished":"2023-03-28T04:34:07+00:00","dateModified":"2025-01-15T16:15:36+00:00","breadcrumb":{"@id":"https:\/\/casaariston.com\/about\/#breadcrumb"},"inLanguage":"es","potentialAction":[{"@type":"ReadAction","target":["https:\/\/casaariston.com\/about\/"]}]},{"@type":"ImageObject","inLanguage":"es","@id":"https:\/\/casaariston.com\/about\/#primaryimage","url":"https:\/\/casaariston.com\/wp-content\/uploads\/2024\/09\/immagine_2024-09-27_113237045.png","contentUrl":"https:\/\/casaariston.com\/wp-content\/uploads\/2024\/09\/immagine_2024-09-27_113237045.png"},{"@type":"BreadcrumbList","@id":"https:\/\/casaariston.com\/about\/#breadcrumb","itemListElement":[{"@type":"ListItem","position":1,"name":"Home","item":"https:\/\/casaariston.com\/it_it\/"},{"@type":"ListItem","position":2,"name":"Chi siamo"}]},{"@type":"WebSite","@id":"https:\/\/casaariston.com\/#website","url":"https:\/\/casaariston.com\/","name":"Casa Ariston","description":"","publisher":{"@id":"https:\/\/casaariston.com\/#organization"},"potentialAction":[{"@type":"SearchAction","target":{"@type":"EntryPoint","urlTemplate":"https:\/\/casaariston.com\/?s={search_term_string}"},"query-input":{"@type":"PropertyValueSpecification","valueRequired":true,"valueName":"search_term_string"}}],"inLanguage":"es"},{"@type":"Organization","@id":"https:\/\/casaariston.com\/#organization","name":"Casa Ariston","url":"https:\/\/casaariston.com\/","logo":{"@type":"ImageObject","inLanguage":"es","@id":"https:\/\/casaariston.com\/#\/schema\/logo\/image\/","url":"https:\/\/casaariston.com\/wp-content\/uploads\/2023\/03\/cropped-logo-bianco.png","contentUrl":"https:\/\/casaariston.com\/wp-content\/uploads\/2023\/03\/cropped-logo-bianco.png","width":512,"height":512,"caption":"Casa Ariston"},"image":{"@id":"https:\/\/casaariston.com\/#\/schema\/logo\/image\/"}}]}},"_links":{"self":[{"href":"https:\/\/casaariston.com\/es\/wp-json\/wp\/v2\/pages\/180","targetHints":{"allow":["GET"]}}],"collection":[{"href":"https:\/\/casaariston.com\/es\/wp-json\/wp\/v2\/pages"}],"about":[{"href":"https:\/\/casaariston.com\/es\/wp-json\/wp\/v2\/types\/page"}],"author":[{"embeddable":true,"href":"https:\/\/casaariston.com\/es\/wp-json\/wp\/v2\/users\/1"}],"replies":[{"embeddable":true,"href":"https:\/\/casaariston.com\/es\/wp-json\/wp\/v2\/comments?post=180"}],"version-history":[{"count":16,"href":"https:\/\/casaariston.com\/es\/wp-json\/wp\/v2\/pages\/180\/revisions"}],"predecessor-version":[{"id":2031,"href":"https:\/\/casaariston.com\/es\/wp-json\/wp\/v2\/pages\/180\/revisions\/2031"}],"wp:attachment":[{"href":"https:\/\/casaariston.com\/es\/wp-json\/wp\/v2\/media?parent=180"}],"curies":[{"name":"wp","href":"https:\/\/api.w.org\/{rel}","templated":true}]}}