{"id":1120,"date":"2023-05-24T08:53:37","date_gmt":"2023-05-24T08:53:37","guid":{"rendered":"https:\/\/cozystay.loftocean.com\/apartment\/?page_id=1120"},"modified":"2025-02-08T20:06:07","modified_gmt":"2025-02-08T19:06:07","slug":"le-spiagge","status":"publish","type":"page","link":"https:\/\/casaariston.com\/it_it\/le-spiagge\/","title":{"rendered":"Le Spiagge"},"content":{"rendered":"\t\t<div data-elementor-type=\"wp-page\" data-elementor-id=\"1120\" class=\"elementor elementor-1120\" data-elementor-post-type=\"page\">\n\t\t\t\t\t\t<section class=\"elementor-section elementor-top-section elementor-element elementor-element-4dd9c25 elementor-section-height-min-height cs-section-content-fullwidth cs-parallax-on-scroll cs_scroll_y_80 elementor-section-boxed elementor-section-height-default elementor-section-items-middle\" data-id=\"4dd9c25\" data-element_type=\"section\" data-settings=\"{&quot;background_background&quot;:&quot;classic&quot;}\" data-cs-parallax-y=\"80\" style=\"background-image: none;\" data-cs-background-image=\"https:\/\/casaariston.com\/wp-content\/uploads\/2024\/09\/immagine_2024-09-24_180053077.png\">\n\t\t\t\t\t\t\t<div class=\"elementor-background-overlay\"><\/div>\n\t\t\t\t\t\t\t<div class=\"elementor-container elementor-column-gap-no\">\n\t\t\t\t\t<div class=\"elementor-column elementor-col-100 elementor-top-column elementor-element elementor-element-1015d92 dark-color\" data-id=\"1015d92\" data-element_type=\"column\">\n\t\t\t<div class=\"elementor-widget-wrap elementor-element-populated\">\n\t\t\t\t\t\t<div class=\"elementor-element elementor-element-a5b4256 elementor-widget elementor-widget-cs_title\" data-id=\"a5b4256\" data-element_type=\"widget\" data-widget_type=\"cs_title.default\">\n\t\t\t\t<div class=\"elementor-widget-container\">\n\t\t\t\t\t\n        <div class=\"cs-title-wrap text-center\">\t            <h1 class=\"cs-title\">\n\t                Le Spiagge\t            <\/h1>\t            <div class=\"cs-title-text\">\n\t                <p>Scopri le spiagge pi\u00f9 incantevoli nei dintorni di Sassari per un&#8217;esperienza di mare indimenticabile.<\/p>\t            <\/div>        <\/div>\t\t\t\t<\/div>\n\t\t\t\t<\/div>\n\t\t\t\t\t<\/div>\n\t\t<\/div>\n\t\t\t\t\t<\/div>\n\t\t<\/section>\n\t\t\t\t<section class=\"elementor-section elementor-top-section elementor-element elementor-element-234acf4 elementor-section-content-middle cs-animation-small-offset elementor-reverse-tablet elementor-reverse-mobile elementor-section-boxed elementor-section-height-default elementor-section-height-default elementor-invisible\" data-id=\"234acf4\" data-element_type=\"section\" data-settings=\"{&quot;animation&quot;:&quot;fadeInUp&quot;,&quot;animation_delay&quot;:300}\">\n\t\t\t\t\t\t<div class=\"elementor-container elementor-column-gap-no\">\n\t\t\t\t\t<div class=\"elementor-column elementor-col-50 elementor-top-column elementor-element elementor-element-d89bdb1\" data-id=\"d89bdb1\" data-element_type=\"column\" data-settings=\"{&quot;background_background&quot;:&quot;classic&quot;}\">\n\t\t\t<div class=\"elementor-widget-wrap elementor-element-populated\">\n\t\t\t\t\t\t<div class=\"elementor-element elementor-element-00a3dbf elementor-widget elementor-widget-cs_title\" data-id=\"00a3dbf\" data-element_type=\"widget\" data-widget_type=\"cs_title.default\">\n\t\t\t\t<div class=\"elementor-widget-container\">\n\t\t\t\t\t\n        <div class=\"cs-title-wrap\">\t            <h4 class=\"cs-title\">\n\t                Spiaggia di Porto Palmas\t            <\/h4>\t            <div class=\"cs-title-text\">\n\t                <p>Situata a circa 25 km da Sassari, la <strong>Spiaggia di Porto Palmas<\/strong> \u00e8 una piccola baia incantevole con sabbia dorata e scogliere che la proteggono dai venti. Le acque calme e trasparenti sono perfette per nuotare e per le famiglie con bambini. La spiaggia \u00e8 meno affollata rispetto ad altre localit\u00e0 pi\u00f9 conosciute, offrendo un ambiente rilassante dove godersi il sole e il mare in pace. Sono presenti servizi essenziali come parcheggio e un chiosco per ristori.<\/p>\t            <\/div>        <\/div>\t\t\t\t<\/div>\n\t\t\t\t<\/div>\n\t\t\t\t<div class=\"elementor-element elementor-element-a8ed32d elementor-widget elementor-widget-cs_button\" data-id=\"a8ed32d\" data-element_type=\"widget\" data-widget_type=\"cs_button.default\">\n\t\t\t\t<div class=\"elementor-widget-container\">\n\t\t\t\t\t        <a href=\"https:\/\/www.sardegnaturismo.it\/it\/esplora\/porto-palmas\" target=\"_blank\" rel=\"nofollow\" class=\"elementor-button-link button cs-btn-outline\" role=\"button\">\n            <span class=\"cs-btn-text\">Sito Turistico<\/span>        <\/a>\t\t\t\t<\/div>\n\t\t\t\t<\/div>\n\t\t\t\t\t<\/div>\n\t\t<\/div>\n\t\t\t\t<div class=\"elementor-column elementor-col-50 elementor-top-column elementor-element elementor-element-872e3ad\" data-id=\"872e3ad\" data-element_type=\"column\" data-settings=\"{&quot;background_background&quot;:&quot;classic&quot;}\">\n\t\t\t<div class=\"elementor-widget-wrap elementor-element-populated\">\n\t\t\t\t\t\t<div class=\"elementor-element elementor-element-9b1f83e elementor-widget elementor-widget-spacer\" data-id=\"9b1f83e\" data-element_type=\"widget\" data-widget_type=\"spacer.default\">\n\t\t\t\t<div class=\"elementor-widget-container\">\n\t\t\t\t\t\t\t<div class=\"elementor-spacer\">\n\t\t\t<div class=\"elementor-spacer-inner\"><\/div>\n\t\t<\/div>\n\t\t\t\t\t\t<\/div>\n\t\t\t\t<\/div>\n\t\t\t\t\t<\/div>\n\t\t<\/div>\n\t\t\t\t\t<\/div>\n\t\t<\/section>\n\t\t\t\t<section class=\"elementor-section elementor-top-section elementor-element elementor-element-ef8e563 elementor-section-content-middle cs-animation-small-offset elementor-section-boxed elementor-section-height-default elementor-section-height-default elementor-invisible\" data-id=\"ef8e563\" data-element_type=\"section\" data-settings=\"{&quot;animation&quot;:&quot;fadeInUp&quot;,&quot;animation_delay&quot;:300}\">\n\t\t\t\t\t\t<div class=\"elementor-container elementor-column-gap-no\">\n\t\t\t\t\t<div class=\"elementor-column elementor-col-50 elementor-top-column elementor-element elementor-element-1947979\" data-id=\"1947979\" data-element_type=\"column\" data-settings=\"{&quot;background_background&quot;:&quot;classic&quot;}\">\n\t\t\t<div class=\"elementor-widget-wrap elementor-element-populated\">\n\t\t\t\t\t\t<div class=\"elementor-element elementor-element-faefafe elementor-widget elementor-widget-spacer\" data-id=\"faefafe\" data-element_type=\"widget\" data-widget_type=\"spacer.default\">\n\t\t\t\t<div class=\"elementor-widget-container\">\n\t\t\t\t\t\t\t<div class=\"elementor-spacer\">\n\t\t\t<div class=\"elementor-spacer-inner\"><\/div>\n\t\t<\/div>\n\t\t\t\t\t\t<\/div>\n\t\t\t\t<\/div>\n\t\t\t\t\t<\/div>\n\t\t<\/div>\n\t\t\t\t<div class=\"elementor-column elementor-col-50 elementor-top-column elementor-element elementor-element-c98812b\" data-id=\"c98812b\" data-element_type=\"column\" data-settings=\"{&quot;background_background&quot;:&quot;classic&quot;}\">\n\t\t\t<div class=\"elementor-widget-wrap elementor-element-populated\">\n\t\t\t\t\t\t<div class=\"elementor-element elementor-element-d073c9e elementor-widget elementor-widget-cs_title\" data-id=\"d073c9e\" data-element_type=\"widget\" data-widget_type=\"cs_title.default\">\n\t\t\t\t<div class=\"elementor-widget-container\">\n\t\t\t\t\t\n        <div class=\"cs-title-wrap\">\t            <h4 class=\"cs-title\">\n\t                Spiaggia di Porto Ferro\t            <\/h4>\t            <div class=\"cs-title-text\">\n\t                <p>A circa 30 km da Sassari, la <strong>Spiaggia di Porto Ferro<\/strong> \u00e8 una baia suggestiva caratterizzata da sabbia dal colore ambrato e circondata da dune e macchia mediterranea. La spiaggia \u00e8 delimitata da tre torri costiere del XVII secolo, che aggiungono un tocco storico al paesaggio naturale. Le sue acque cristalline e le condizioni ventose la rendono una meta ambita per gli amanti del surf e del bodyboard. Inoltre, nei dintorni sono presenti sentieri per trekking e mountain bike, offrendo ulteriori opportunit\u00e0 di svago.<\/p>\t            <\/div>        <\/div>\t\t\t\t<\/div>\n\t\t\t\t<\/div>\n\t\t\t\t<div class=\"elementor-element elementor-element-7311d6c elementor-widget elementor-widget-cs_button\" data-id=\"7311d6c\" data-element_type=\"widget\" data-widget_type=\"cs_button.default\">\n\t\t\t\t<div class=\"elementor-widget-container\">\n\t\t\t\t\t        <a href=\"https:\/\/www.sardegnaturismo.it\/it\/esplora\/porto-ferro\" target=\"_blank\" rel=\"nofollow\" class=\"elementor-button-link button cs-btn-outline\" role=\"button\">\n            <span class=\"cs-btn-text\">Sito Turistico<\/span>        <\/a>\t\t\t\t<\/div>\n\t\t\t\t<\/div>\n\t\t\t\t\t<\/div>\n\t\t<\/div>\n\t\t\t\t\t<\/div>\n\t\t<\/section>\n\t\t\t\t<section class=\"elementor-section elementor-top-section elementor-element elementor-element-463fba1 elementor-section-content-middle cs-animation-small-offset elementor-reverse-tablet elementor-reverse-mobile elementor-section-boxed elementor-section-height-default elementor-section-height-default elementor-invisible\" data-id=\"463fba1\" data-element_type=\"section\" data-settings=\"{&quot;animation&quot;:&quot;fadeInUp&quot;,&quot;animation_delay&quot;:300}\">\n\t\t\t\t\t\t<div class=\"elementor-container elementor-column-gap-no\">\n\t\t\t\t\t<div class=\"elementor-column elementor-col-50 elementor-top-column elementor-element elementor-element-842f185\" data-id=\"842f185\" data-element_type=\"column\" data-settings=\"{&quot;background_background&quot;:&quot;classic&quot;}\">\n\t\t\t<div class=\"elementor-widget-wrap elementor-element-populated\">\n\t\t\t\t\t\t<div class=\"elementor-element elementor-element-abab54d elementor-widget elementor-widget-cs_title\" data-id=\"abab54d\" data-element_type=\"widget\" data-widget_type=\"cs_title.default\">\n\t\t\t\t<div class=\"elementor-widget-container\">\n\t\t\t\t\t\n        <div class=\"cs-title-wrap\">\t            <h4 class=\"cs-title\">\n\t                Spiaggia La Pelosa\t            <\/h4>\t            <div class=\"cs-title-text\">\n\t                <p>Anche se dista circa 50 km da Sassari, la <strong>Spiaggia La Pelosa<\/strong> a Stintino \u00e8 una delle destinazioni balneari pi\u00f9 rinomate della Sardegna. Con la sua sabbia bianca finissima e le acque turchesi trasparenti, offre un panorama paradisiaco che ricorda le spiagge caraibiche. Di fronte alla spiaggia si erge l&#8217;iconica torre aragonese del XVI secolo. A causa della sua popolarit\u00e0, soprattutto in alta stagione, \u00e8 consigliabile arrivare presto o prenotare l&#8217;accesso in anticipo per garantire un posto.<\/p>\t            <\/div>        <\/div>\t\t\t\t<\/div>\n\t\t\t\t<\/div>\n\t\t\t\t<div class=\"elementor-element elementor-element-0d19336 elementor-widget elementor-widget-cs_button\" data-id=\"0d19336\" data-element_type=\"widget\" data-widget_type=\"cs_button.default\">\n\t\t\t\t<div class=\"elementor-widget-container\">\n\t\t\t\t\t        <a href=\"https:\/\/www.sardegnaturismo.it\/it\/esplora\/la-pelosa\" target=\"_blank\" rel=\"nofollow\" class=\"elementor-button-link button cs-btn-outline\" role=\"button\">\n            <span class=\"cs-btn-text\">Sito Turistico<\/span>        <\/a>\t\t\t\t<\/div>\n\t\t\t\t<\/div>\n\t\t\t\t\t<\/div>\n\t\t<\/div>\n\t\t\t\t<div class=\"elementor-column elementor-col-50 elementor-top-column elementor-element elementor-element-ed9a471\" data-id=\"ed9a471\" data-element_type=\"column\" data-settings=\"{&quot;background_background&quot;:&quot;classic&quot;}\">\n\t\t\t<div class=\"elementor-widget-wrap elementor-element-populated\">\n\t\t\t\t\t\t<div class=\"elementor-element elementor-element-01d900c elementor-widget elementor-widget-spacer\" data-id=\"01d900c\" data-element_type=\"widget\" data-widget_type=\"spacer.default\">\n\t\t\t\t<div class=\"elementor-widget-container\">\n\t\t\t\t\t\t\t<div class=\"elementor-spacer\">\n\t\t\t<div class=\"elementor-spacer-inner\"><\/div>\n\t\t<\/div>\n\t\t\t\t\t\t<\/div>\n\t\t\t\t<\/div>\n\t\t\t\t\t<\/div>\n\t\t<\/div>\n\t\t\t\t\t<\/div>\n\t\t<\/section>\n\t\t\t\t<section class=\"elementor-section elementor-top-section elementor-element elementor-element-2309728 elementor-section-content-middle cs-animation-small-offset elementor-reverse-tablet elementor-reverse-mobile elementor-section-boxed elementor-section-height-default elementor-section-height-default elementor-invisible\" data-id=\"2309728\" data-element_type=\"section\" data-settings=\"{&quot;animation&quot;:&quot;fadeInUp&quot;,&quot;animation_delay&quot;:300}\">\n\t\t\t\t\t\t<div class=\"elementor-container elementor-column-gap-no\">\n\t\t\t\t\t<div class=\"elementor-column elementor-col-50 elementor-top-column elementor-element elementor-element-97e63ab\" data-id=\"97e63ab\" data-element_type=\"column\" data-settings=\"{&quot;background_background&quot;:&quot;classic&quot;}\">\n\t\t\t<div class=\"elementor-widget-wrap elementor-element-populated\">\n\t\t\t\t\t\t<div class=\"elementor-element elementor-element-8fa1cfc elementor-widget elementor-widget-spacer\" data-id=\"8fa1cfc\" data-element_type=\"widget\" data-widget_type=\"spacer.default\">\n\t\t\t\t<div class=\"elementor-widget-container\">\n\t\t\t\t\t\t\t<div class=\"elementor-spacer\">\n\t\t\t<div class=\"elementor-spacer-inner\"><\/div>\n\t\t<\/div>\n\t\t\t\t\t\t<\/div>\n\t\t\t\t<\/div>\n\t\t\t\t\t<\/div>\n\t\t<\/div>\n\t\t\t\t<div class=\"elementor-column elementor-col-50 elementor-top-column elementor-element elementor-element-883f691\" data-id=\"883f691\" data-element_type=\"column\" data-settings=\"{&quot;background_background&quot;:&quot;classic&quot;}\">\n\t\t\t<div class=\"elementor-widget-wrap elementor-element-populated\">\n\t\t\t\t\t\t<div class=\"elementor-element elementor-element-369acd3 elementor-widget elementor-widget-cs_title\" data-id=\"369acd3\" data-element_type=\"widget\" data-widget_type=\"cs_title.default\">\n\t\t\t\t<div class=\"elementor-widget-container\">\n\t\t\t\t\t\n        <div class=\"cs-title-wrap\">\t            <h4 class=\"cs-title\">\n\t                Spiaggia Le Bombarde\n\t            <\/h4>\t            <div class=\"cs-title-text\">\n\t                <p>Una mezzaluna sabbiosa lunga quasi un chilometro che si inarca su un mare dai mille riflessi colorati, incorniciata da rocce vulcaniche e in cui si affaccia una verdeggiante vegetazione mediterranea. La spiaggia delle Bombarde \u00e8 uno dei gioielli del territorio di\u00a0<strong>Alghero<\/strong>, nonch\u00e9 una delle pi\u00f9 famose dell\u2019intera Isola, distante dal centro abitato dieci chilometri a nord e appena tre dalla frazione di\u00a0<strong>Fertilia<\/strong>.<\/p>\t            <\/div>        <\/div>\t\t\t\t<\/div>\n\t\t\t\t<\/div>\n\t\t\t\t<div class=\"elementor-element elementor-element-ffe5288 elementor-widget elementor-widget-cs_button\" data-id=\"ffe5288\" data-element_type=\"widget\" data-widget_type=\"cs_button.default\">\n\t\t\t\t<div class=\"elementor-widget-container\">\n\t\t\t\t\t        <a href=\"https:\/\/www.sardegnaturismo.it\/it\/esplora\/le-bombarde\" target=\"_blank\" rel=\"nofollow\" class=\"elementor-button-link button cs-btn-outline\" role=\"button\">\n            <span class=\"cs-btn-text\">Sito Turistico<\/span>        <\/a>\t\t\t\t<\/div>\n\t\t\t\t<\/div>\n\t\t\t\t\t<\/div>\n\t\t<\/div>\n\t\t\t\t\t<\/div>\n\t\t<\/section>\n\t\t\t\t<\/div>\n\t\t","protected":false},"excerpt":{"rendered":"<p>Le Spiagge Scopri le spiagge pi\u00f9 incantevoli nei dintorni di Sassari per un&#8217;esperienza di mare indimenticabile. Spiaggia di Porto Palmas Situata a circa 25 km da Sassari, la Spiaggia di Porto Palmas \u00e8 una piccola baia incantevole con sabbia dorata e scogliere che la proteggono dai venti. Le acque calme e trasparenti sono perfette per &#8230;<\/p>\n","protected":false},"author":1,"featured_media":0,"parent":0,"menu_order":0,"comment_status":"closed","ping_status":"closed","template":"template-wide-content.php","meta":{"inline_featured_image":false,"cozystay_single_page_hide_site_header":"","cozystay_single_page_site_header_source":"","cozystay_single_page_custom_site_header":"0","cozystay_single_page_custom_sticky_site_header":"0","cozystay_single_page_hide_page_title":"on","cozystay_single_page_header_section_size":"","cozystay_single_page_header_background_color":"","cozystay_single_page_header_background_position_x":"center","cozystay_single_page_header_background_position_y":"center","cozystay_single_page_header_background_size":"cover","cozystay_single_page_header_background_repeat":"off","cozystay_single_page_header_background_scroll":"on","cozystay_single_page_header_text_color":"","cozystay_single_page_header_show_breadcrumb":"","cozystay_single_page_site_footer_hide_main":"","cozystay_single_custom_site_footer_main_source":"","cozystay_single_custom_site_footer_main":"0","cozystay_single_page_site_footer_hide_above":"","cozystay_single_custom_site_footer_above_source":"","cozystay_single_custom_site_footer_above":"0","cozystay_single_page_site_footer_hide_instagram":"","cozystay_single_page_site_footer_hide_bottom":"","cozystay_single_custom_mobile_menu_source":"","cozystay_single_custom_mobile_menu":"0","cozystay_single_custom_mobile_menu_animation":"","cozystay_single_custom_mobile_menu_width":"","cozystay_single_custom_mobile_menu_custom_width":375,"footnotes":""},"class_list":["post-1120","page","type-page","status-publish","hentry"],"yoast_head":"<!-- This site is optimized with the Yoast SEO plugin v23.6 - https:\/\/yoast.com\/wordpress\/plugins\/seo\/ -->\n<title>Le Spiagge - Casa Ariston<\/title>\n<meta name=\"robots\" content=\"index, follow, max-snippet:-1, max-image-preview:large, max-video-preview:-1\" \/>\n<link rel=\"canonical\" href=\"https:\/\/casaariston.com\/it_it\/le-spiagge\/\" \/>\n<meta property=\"og:locale\" content=\"it_IT\" \/>\n<meta property=\"og:type\" content=\"article\" \/>\n<meta property=\"og:title\" content=\"Le Spiagge - Casa Ariston\" \/>\n<meta property=\"og:description\" content=\"Le Spiagge Scopri le spiagge pi\u00f9 incantevoli nei dintorni di Sassari per un&#8217;esperienza di mare indimenticabile. Spiaggia di Porto Palmas Situata a circa 25 km da Sassari, la Spiaggia di Porto Palmas \u00e8 una piccola baia incantevole con sabbia dorata e scogliere che la proteggono dai venti. Le acque calme e trasparenti sono perfette per ...\" \/>\n<meta property=\"og:url\" content=\"https:\/\/casaariston.com\/it_it\/le-spiagge\/\" \/>\n<meta property=\"og:site_name\" content=\"Casa Ariston\" \/>\n<meta property=\"article:modified_time\" content=\"2025-02-08T19:06:07+00:00\" \/>\n<meta name=\"twitter:card\" content=\"summary_large_image\" \/>\n<meta name=\"twitter:label1\" content=\"Tempo di lettura stimato\" \/>\n\t<meta name=\"twitter:data1\" content=\"2 minuti\" \/>\n<script type=\"application\/ld+json\" class=\"yoast-schema-graph\">{\"@context\":\"https:\/\/schema.org\",\"@graph\":[{\"@type\":\"WebPage\",\"@id\":\"https:\/\/casaariston.com\/le-spiagge\/\",\"url\":\"https:\/\/casaariston.com\/le-spiagge\/\",\"name\":\"Le Spiagge - Casa Ariston\",\"isPartOf\":{\"@id\":\"https:\/\/casaariston.com\/#website\"},\"datePublished\":\"2023-05-24T08:53:37+00:00\",\"dateModified\":\"2025-02-08T19:06:07+00:00\",\"breadcrumb\":{\"@id\":\"https:\/\/casaariston.com\/le-spiagge\/#breadcrumb\"},\"inLanguage\":\"it-IT\",\"potentialAction\":[{\"@type\":\"ReadAction\",\"target\":[\"https:\/\/casaariston.com\/le-spiagge\/\"]}]},{\"@type\":\"BreadcrumbList\",\"@id\":\"https:\/\/casaariston.com\/le-spiagge\/#breadcrumb\",\"itemListElement\":[{\"@type\":\"ListItem\",\"position\":1,\"name\":\"Home\",\"item\":\"https:\/\/casaariston.com\/it_it\/\"},{\"@type\":\"ListItem\",\"position\":2,\"name\":\"Le Spiagge\"}]},{\"@type\":\"WebSite\",\"@id\":\"https:\/\/casaariston.com\/#website\",\"url\":\"https:\/\/casaariston.com\/\",\"name\":\"Casa Ariston\",\"description\":\"\",\"publisher\":{\"@id\":\"https:\/\/casaariston.com\/#organization\"},\"potentialAction\":[{\"@type\":\"SearchAction\",\"target\":{\"@type\":\"EntryPoint\",\"urlTemplate\":\"https:\/\/casaariston.com\/?s={search_term_string}\"},\"query-input\":{\"@type\":\"PropertyValueSpecification\",\"valueRequired\":true,\"valueName\":\"search_term_string\"}}],\"inLanguage\":\"it-IT\"},{\"@type\":\"Organization\",\"@id\":\"https:\/\/casaariston.com\/#organization\",\"name\":\"Casa Ariston\",\"url\":\"https:\/\/casaariston.com\/\",\"logo\":{\"@type\":\"ImageObject\",\"inLanguage\":\"it-IT\",\"@id\":\"https:\/\/casaariston.com\/#\/schema\/logo\/image\/\",\"url\":\"https:\/\/casaariston.com\/wp-content\/uploads\/2023\/03\/cropped-logo-bianco.png\",\"contentUrl\":\"https:\/\/casaariston.com\/wp-content\/uploads\/2023\/03\/cropped-logo-bianco.png\",\"width\":512,\"height\":512,\"caption\":\"Casa Ariston\"},\"image\":{\"@id\":\"https:\/\/casaariston.com\/#\/schema\/logo\/image\/\"}}]}<\/script>\n<!-- \/ Yoast SEO plugin. -->","yoast_head_json":{"title":"Le Spiagge - Casa Ariston","robots":{"index":"index","follow":"follow","max-snippet":"max-snippet:-1","max-image-preview":"max-image-preview:large","max-video-preview":"max-video-preview:-1"},"canonical":"https:\/\/casaariston.com\/it_it\/le-spiagge\/","og_locale":"it_IT","og_type":"article","og_title":"Le Spiagge - Casa Ariston","og_description":"Le Spiagge Scopri le spiagge pi\u00f9 incantevoli nei dintorni di Sassari per un&#8217;esperienza di mare indimenticabile. Spiaggia di Porto Palmas Situata a circa 25 km da Sassari, la Spiaggia di Porto Palmas \u00e8 una piccola baia incantevole con sabbia dorata e scogliere che la proteggono dai venti. Le acque calme e trasparenti sono perfette per ...","og_url":"https:\/\/casaariston.com\/it_it\/le-spiagge\/","og_site_name":"Casa Ariston","article_modified_time":"2025-02-08T19:06:07+00:00","twitter_card":"summary_large_image","twitter_misc":{"Tempo di lettura stimato":"2 minuti"},"schema":{"@context":"https:\/\/schema.org","@graph":[{"@type":"WebPage","@id":"https:\/\/casaariston.com\/le-spiagge\/","url":"https:\/\/casaariston.com\/le-spiagge\/","name":"Le Spiagge - Casa Ariston","isPartOf":{"@id":"https:\/\/casaariston.com\/#website"},"datePublished":"2023-05-24T08:53:37+00:00","dateModified":"2025-02-08T19:06:07+00:00","breadcrumb":{"@id":"https:\/\/casaariston.com\/le-spiagge\/#breadcrumb"},"inLanguage":"it-IT","potentialAction":[{"@type":"ReadAction","target":["https:\/\/casaariston.com\/le-spiagge\/"]}]},{"@type":"BreadcrumbList","@id":"https:\/\/casaariston.com\/le-spiagge\/#breadcrumb","itemListElement":[{"@type":"ListItem","position":1,"name":"Home","item":"https:\/\/casaariston.com\/it_it\/"},{"@type":"ListItem","position":2,"name":"Le Spiagge"}]},{"@type":"WebSite","@id":"https:\/\/casaariston.com\/#website","url":"https:\/\/casaariston.com\/","name":"Casa Ariston","description":"","publisher":{"@id":"https:\/\/casaariston.com\/#organization"},"potentialAction":[{"@type":"SearchAction","target":{"@type":"EntryPoint","urlTemplate":"https:\/\/casaariston.com\/?s={search_term_string}"},"query-input":{"@type":"PropertyValueSpecification","valueRequired":true,"valueName":"search_term_string"}}],"inLanguage":"it-IT"},{"@type":"Organization","@id":"https:\/\/casaariston.com\/#organization","name":"Casa Ariston","url":"https:\/\/casaariston.com\/","logo":{"@type":"ImageObject","inLanguage":"it-IT","@id":"https:\/\/casaariston.com\/#\/schema\/logo\/image\/","url":"https:\/\/casaariston.com\/wp-content\/uploads\/2023\/03\/cropped-logo-bianco.png","contentUrl":"https:\/\/casaariston.com\/wp-content\/uploads\/2023\/03\/cropped-logo-bianco.png","width":512,"height":512,"caption":"Casa Ariston"},"image":{"@id":"https:\/\/casaariston.com\/#\/schema\/logo\/image\/"}}]}},"_links":{"self":[{"href":"https:\/\/casaariston.com\/it_it\/wp-json\/wp\/v2\/pages\/1120","targetHints":{"allow":["GET"]}}],"collection":[{"href":"https:\/\/casaariston.com\/it_it\/wp-json\/wp\/v2\/pages"}],"about":[{"href":"https:\/\/casaariston.com\/it_it\/wp-json\/wp\/v2\/types\/page"}],"author":[{"embeddable":true,"href":"https:\/\/casaariston.com\/it_it\/wp-json\/wp\/v2\/users\/1"}],"replies":[{"embeddable":true,"href":"https:\/\/casaariston.com\/it_it\/wp-json\/wp\/v2\/comments?post=1120"}],"version-history":[{"count":12,"href":"https:\/\/casaariston.com\/it_it\/wp-json\/wp\/v2\/pages\/1120\/revisions"}],"predecessor-version":[{"id":2294,"href":"https:\/\/casaariston.com\/it_it\/wp-json\/wp\/v2\/pages\/1120\/revisions\/2294"}],"wp:attachment":[{"href":"https:\/\/casaariston.com\/it_it\/wp-json\/wp\/v2\/media?parent=1120"}],"curies":[{"name":"wp","href":"https:\/\/api.w.org\/{rel}","templated":true}]}}